{"id":283,"date":"2024-03-29T12:36:28","date_gmt":"2024-03-29T11:36:28","guid":{"rendered":"https:\/\/praca.qsense.pl\/?page_id=283"},"modified":"2024-10-08T11:11:35","modified_gmt":"2024-10-08T09:11:35","slug":"solicitar-sin-oferta","status":"publish","type":"page","link":"https:\/\/praca.qsense.pl\/es\/solicitar-sin-oferta\/","title":{"rendered":"Solicitar sin oferta"},"content":{"rendered":"<div data-elementor-type=\"wp-page\" data-elementor-id=\"283\" class=\"elementor elementor-283\" data-elementor-post-type=\"page\">\n\t\t\t\t<div class=\"elementor-element elementor-element-4554f76 e-flex e-con-boxed e-con e-parent\" data-id=\"4554f76\" data-element_type=\"container\" data-settings=\"{&quot;background_background&quot;:&quot;classic&quot;}\">\n\t\t\t\t\t<div class=\"e-con-inner\">\n\t\t<div class=\"elementor-element elementor-element-614f986 e-con-full e-flex e-con e-child\" data-id=\"614f986\" data-element_type=\"container\">\n\t\t\t\t<div class=\"elementor-element elementor-element-59e3d7a elementor-widget elementor-widget-heading\" data-id=\"59e3d7a\" data-element_type=\"widget\" data-widget_type=\"heading.default\">\n\t\t\t\t<div class=\"elementor-widget-container\">\n\t\t\t\t\t<h1 class=\"elementor-heading-title elementor-size-xxl\">Solicitar sin oferta<\/h1>\t\t\t\t<\/div>\n\t\t\t\t<\/div>\n\t\t\t\t<div class=\"elementor-element elementor-element-fcc1d50 elementor-widget elementor-widget-text-editor\" data-id=\"fcc1d50\" data-element_type=\"widget\" data-widget_type=\"text-editor.default\">\n\t\t\t\t<div class=\"elementor-widget-container\">\n\t\t\t\t\t\t\t\t\t<p>Hola! A menudo las mejores oportunidades surgen cuando te sales conscientemente del camino trillado. Si no has podido encontrar una oferta adecuada, pero conoces tu potencial y lo que puedes aportar de forma \u00fanica a QSense env\u00eda ahora tu candidatura espont\u00e1nea.<\/p>\t\t\t\t\t\t\t\t<\/div>\n\t\t\t\t<\/div>\n\t\t\t\t<div class=\"elementor-element elementor-element-a2f0720 elementor-widget elementor-widget-heading\" data-id=\"a2f0720\" data-element_type=\"widget\" data-widget_type=\"heading.default\">\n\t\t\t\t<div class=\"elementor-widget-container\">\n\t\t\t\t\t<h4 class=\"elementor-heading-title elementor-size-xxl\">\u00bfQu\u00e9 queremos que haga o haya hecho?<\/h4>\t\t\t\t<\/div>\n\t\t\t\t<\/div>\n\t\t\t\t<div class=\"elementor-element elementor-element-20e8ec4 elementor-icon-list--layout-traditional elementor-list-item-link-full_width elementor-widget elementor-widget-icon-list\" data-id=\"20e8ec4\" data-element_type=\"widget\" data-widget_type=\"icon-list.default\">\n\t\t\t\t<div class=\"elementor-widget-container\">\n\t\t\t\t\t\t\t<ul class=\"elementor-icon-list-items\">\n\t\t\t\t\t\t\t<li class=\"elementor-icon-list-item\">\n\t\t\t\t\t\t\t\t\t\t\t<span class=\"elementor-icon-list-icon\">\n\t\t\t\t\t\t\t<svg aria-hidden=\"true\" class=\"e-font-icon-svg e-fas-check\" viewbox=\"0 0 512 512\" xmlns=\"http:\/\/www.w3.org\/2000\/svg\"><path d=\"M173.898 439.404l-166.4-166.4c-9.997-9.997-9.997-26.206 0-36.204l36.203-36.204c9.997-9.998 26.207-9.998 36.204 0L192 312.69 432.095 72.596c9.997-9.997 26.207-9.997 36.204 0l36.203 36.204c9.997 9.997 9.997 26.206 0 36.204l-294.4 294.401c-9.998 9.997-26.207 9.997-36.204-.001z\"><\/path><\/svg>\t\t\t\t\t\t<\/span>\n\t\t\t\t\t\t\t\t\t\t<span class=\"elementor-icon-list-text\"><strong>Prepare su CV<\/strong> - Tenemos curiosidad por conocer su experiencia, sus competencias y por qu\u00e9 quiere unirse a nosotros.<\/span>\n\t\t\t\t\t\t\t\t\t<\/li>\n\t\t\t\t\t\t\t\t<li class=\"elementor-icon-list-item\">\n\t\t\t\t\t\t\t\t\t\t\t<span class=\"elementor-icon-list-icon\">\n\t\t\t\t\t\t\t<svg aria-hidden=\"true\" class=\"e-font-icon-svg e-fas-check\" viewbox=\"0 0 512 512\" xmlns=\"http:\/\/www.w3.org\/2000\/svg\"><path d=\"M173.898 439.404l-166.4-166.4c-9.997-9.997-9.997-26.206 0-36.204l36.203-36.204c9.997-9.998 26.207-9.998 36.204 0L192 312.69 432.095 72.596c9.997-9.997 26.207-9.997 36.204 0l36.203 36.204c9.997 9.997 9.997 26.206 0 36.204l-294.4 294.401c-9.998 9.997-26.207 9.997-36.204-.001z\"><\/path><\/svg>\t\t\t\t\t\t<\/span>\n\t\t\t\t\t\t\t\t\t\t<span class=\"elementor-icon-list-text\"><strong>Utilizando la forma opuesta<\/strong> introduzca sus datos de contacto, adjunte un archivo y env\u00edenos su solicitud.<\/span>\n\t\t\t\t\t\t\t\t\t<\/li>\n\t\t\t\t\t\t<\/ul>\n\t\t\t\t\t\t<\/div>\n\t\t\t\t<\/div>\n\t\t<div class=\"elementor-element elementor-element-2efa8d6 e-flex e-con-boxed e-con e-child\" data-id=\"2efa8d6\" data-element_type=\"container\" data-settings=\"{&quot;background_background&quot;:&quot;classic&quot;}\">\n\t\t\t\t\t<div class=\"e-con-inner\">\n\t\t\t\t<div class=\"elementor-element elementor-element-b1e2f16 elementor-headline--style-highlight elementor-widget elementor-widget-animated-headline\" data-id=\"b1e2f16\" data-element_type=\"widget\" data-settings=\"{&quot;highlighted_text&quot;:&quot;zawsze jeste\\u015bmy otwarci na talent.&quot;,&quot;marker&quot;:&quot;underline&quot;,&quot;headline_style&quot;:&quot;highlight&quot;,&quot;loop&quot;:&quot;yes&quot;,&quot;highlight_animation_duration&quot;:1200,&quot;highlight_iteration_delay&quot;:8000}\" data-widget_type=\"animated-headline.default\">\n\t\t\t\t<div class=\"elementor-widget-container\">\n\t\t\t\t\t\t\t<h3 class=\"elementor-headline\">\n\t\t\t\t\t<span class=\"elementor-headline-plain-text elementor-headline-text-wrapper\">No tiene que esperar a una oferta concreta, <\/span>\n\t\t\t\t<span class=\"elementor-headline-dynamic-wrapper elementor-headline-text-wrapper\">\n\t\t\t\t\t<span class=\"elementor-headline-dynamic-text elementor-headline-text-active\">Siempre estamos abiertos al talento.<\/span>\n\t\t\t\t<\/span>\n\t\t\t\t<\/h3>\n\t\t\t\t\t\t<\/div>\n\t\t\t\t<\/div>\n\t\t\t\t<div class=\"elementor-element elementor-element-281da49 elementor-widget elementor-widget-text-editor\" data-id=\"281da49\" data-element_type=\"widget\" data-widget_type=\"text-editor.default\">\n\t\t\t\t<div class=\"elementor-widget-container\">\n\t\t\t\t\t\t\t\t\t<p>Una vez recibida su solicitud, nos pondremos en contacto con usted para hablar de las posibilidades. \u00a1No dejamos a nadie sin respuesta! Incluso si no encontramos ning\u00fan espacio de coworking por el momento, \u00a1tambi\u00e9n te informaremos sobre la situaci\u00f3n actual y el potencial para el futuro!<\/p><p>Comience ahora su inesperado viaje profesional con nosotros: \u00a1solicite sin anuncio!<\/p>\t\t\t\t\t\t\t\t<\/div>\n\t\t\t\t<\/div>\n\t\t\t\t\t<\/div>\n\t\t\t\t<\/div>\n\t\t\t\t<\/div>\n\t\t<div class=\"elementor-element elementor-element-a6b0a30 e-con-full e-flex e-con e-child\" data-id=\"a6b0a30\" data-element_type=\"container\">\n\t\t<div class=\"elementor-element elementor-element-58501779 e-flex e-con-boxed e-con e-child\" data-id=\"58501779\" data-element_type=\"container\" data-settings=\"{&quot;background_background&quot;:&quot;classic&quot;}\">\n\t\t\t\t\t<div class=\"e-con-inner\">\n\t\t\t\t<div class=\"elementor-element elementor-element-5a4fe05d eael-contact-form-7-button-align-left eael-contact-form-7-button-custom elementor-widget elementor-widget-eael-contact-form-7\" data-id=\"5a4fe05d\" data-element_type=\"widget\" data-widget_type=\"eael-contact-form-7.default\">\n\t\t\t\t<div class=\"elementor-widget-container\">\n\t\t\t\t\t<div class=\"eael-contact-form-7-wrapper\">\n                <div class=\"eael-contact-form eael-contact-form-7 eael-contact-form-5a4fe05d placeholder-show eael-contact-form-align-default\">\n<div class=\"wpcf7 no-js\" id=\"wpcf7-f629-o1\" lang=\"pl-PL\" dir=\"ltr\" data-wpcf7-id=\"629\">\n<div class=\"screen-reader-response\"><p role=\"status\" aria-live=\"polite\" aria-atomic=\"true\"><\/p> <ul><\/ul><\/div>\n<form action=\"\/es\/wp-json\/wp\/v2\/pages\/283#wpcf7-f629-o1\" method=\"post\" class=\"wpcf7-form init\" aria-label=\"Formulario de contacto\" enctype=\"multipart\/form-data\" novalidate=\"novalidate\" data-status=\"init\" data-trp-original-action=\"\/es\/wp-json\/wp\/v2\/pages\/283#wpcf7-f629-o1\">\n<fieldset class=\"hidden-fields-container\"><input type=\"hidden\" name=\"_wpcf7\" value=\"629\" \/><input type=\"hidden\" name=\"_wpcf7_version\" value=\"6.1.4\" \/><input type=\"hidden\" name=\"_wpcf7_locale\" value=\"pl_PL\" \/><input type=\"hidden\" name=\"_wpcf7_unit_tag\" value=\"wpcf7-f629-o1\" \/><input type=\"hidden\" name=\"_wpcf7_container_post\" value=\"0\" \/><input type=\"hidden\" name=\"_wpcf7_posted_data_hash\" value=\"\" \/><input type=\"hidden\" name=\"_wpcf7dtx_version\" value=\"5.0.3\" \/><input type=\"hidden\" name=\"_wpcf7_recaptcha_response\" value=\"\" \/>\n<\/fieldset>\n<div class=\"uacf7-form-wrapper-container uacf7-form-629\"><div class=\"uacf7-row\"><div class=\"uacf7-col-4\"> <label> Nombre <span class=\"wpcf7-form-control-wrap\" data-name=\"imie\"><input size=\"40\" maxlength=\"400\" class=\"wpcf7-form-control wpcf7-text wpcf7-validates-as-required\" aria-required=\"true\" aria-invalid=\"false\" value=\"\" type=\"text\" name=\"imie\" \/><\/span> <\/label> <\/div><div class=\"uacf7-col-4\"> <label> Nombre\n<span class=\"wpcf7-form-control-wrap\" data-name=\"nazwisko\"><input size=\"40\" maxlength=\"400\" class=\"wpcf7-form-control wpcf7-text wpcf7-validates-as-required\" aria-required=\"true\" aria-invalid=\"false\" value=\"\" type=\"text\" name=\"nazwisko\" \/><\/span> <\/label> <\/div><div class=\"uacf7-col-4\"> <label>  Correo electr\u00f3nico <span class=\"wpcf7-form-control-wrap\" data-name=\"email\"><input size=\"40\" maxlength=\"400\" class=\"wpcf7-form-control wpcf7-email wpcf7-validates-as-required wpcf7-text wpcf7-validates-as-email\" aria-required=\"true\" aria-invalid=\"false\" value=\"\" type=\"email\" name=\"email\" \/><\/span> <\/label> <br> <\/div><\/div> <label> Tel\u00e9fono\n<!-- Pole telefonu z automatycznym prefiksem +48 -->\n<p class=\"wpcf7-inline-field wpcf7-align-right\">\n    <span class=\"phone-input-wrapper\">\n        <img decoding=\"async\" data-src=\"https:\/\/praca.qsense.pl\/wp-content\/uploads\/2024\/11\/Flag_of_Poland.svg\" alt=\"Bandera de Polonia\" class=\"phone-flag lazyload\" src=\"data:image\/svg+xml;base64,PHN2ZyB3aWR0aD0iMSIgaGVpZ2h0PSIxIiB4bWxucz0iaHR0cDovL3d3dy53My5vcmcvMjAwMC9zdmciPjwvc3ZnPg==\">  <strong class=\"phone-prefix\">+48<\/strong>\n        <span class=\"wpcf7-form-control-wrap\" data-name=\"telefon\"><input size=\"40\" maxlength=\"9\" minlength=\"9\" class=\"wpcf7-form-control wpcf7-text wpcf7-validates-as-required only-numbers\" aria-required=\"true\" aria-invalid=\"false\" value=\"\" type=\"text\" name=\"telefon\" \/><\/span>\n    <\/span>\n<\/p><\/label>\n<br>\n\n<p><span class=\"wpcf7-form-control-wrap\" data-name=\"acceptance-782\"><span class=\"wpcf7-form-control wpcf7-acceptance\"><span class=\"wpcf7-list-item\"><label><input type=\"checkbox\" name=\"acceptance-782\" value=\"1\" aria-invalid=\"false\" \/><span class=\"wpcf7-list-item-label\">Acepto <a href=\"https:\/\/qsense.pl\/polityka-prywatnosci\/\" target=\"_blank\" rel=\"nofollow noopener\"> Pol\u00edtica de privacidad<\/a><\/span><\/label><\/span><\/span><\/span> \n<br>\n\n<div class=\"uacf7-row\"><div class=\"uacf7-col-6\"> <label>\nAdjunte su CV: <span class=\"wpcf7-form-control-wrap\" data-name=\"CV\"><input size=\"40\" class=\"wpcf7-form-control wpcf7-file\" accept=\".pdf,.doc,.docx\" aria-invalid=\"false\" type=\"file\" name=\"CV\" \/><\/span><\/label> <\/div><div class=\"uacf7-col-6\"> <input class=\"wpcf7-form-control wpcf7-submit has-spinner\" type=\"submit\" value=\"Enviar\" \/> <\/div><\/div>\n<details>\n  <summary>RODO<\/summary>\n  <div>\n <p style=\"line-height: 1;\"><span style=\"color: rgb(64, 64, 64); font-size: 12px;\">*Al hacer clic en Enviar consiente el tratamiento de sus datos personales con fines de contrataci\u00f3n, de conformidad con el art. 6 (1) (C) RODO. El administrador de sus datos personales es QSENSE Sp\u00f3\u0142ka z ograniczon\u0105 odpowiedzialno\u015bci\u0105 Sp. k. con domicilio social en la calle 81 \/206 \u017bmigrodzka, 51-130 Wroc\u0142aw. En cumplimiento de la obligaci\u00f3n de informaci\u00f3n prevista en el Reglamento (UE) 2016\/679 del Parlamento Europeo y del Consejo, de 27 de abril de 2016, relativo a la protecci\u00f3n de las personas f\u00edsicas en lo que respecta al tratamiento de datos personales (RODO), se ha publicado informaci\u00f3n detallada sobre el tratamiento de sus datos personales en http:\/\/qsense.pl\/. <\/span><\/p>\n  <\/div>\n<\/details><\/div><div class=\"wpcf7-response-output\" aria-hidden=\"true\"><\/div>\n<input type=\"hidden\" name=\"trp-form-language\" value=\"es\"\/><\/form>\n<\/div>\n<\/div>\n            <\/div>\t\t\t\t<\/div>\n\t\t\t\t<\/div>\n\t\t\t\t\t<\/div>\n\t\t\t\t<\/div>\n\t\t\t\t<div class=\"elementor-element elementor-element-8fef9ff elementor-widget elementor-widget-image\" data-id=\"8fef9ff\" data-element_type=\"widget\" data-widget_type=\"image.default\">\n\t\t\t\t<div class=\"elementor-widget-container\">\n\t\t\t\t\t\t\t\t\t\t\t\t\t\t\t<img fetchpriority=\"high\" decoding=\"async\" width=\"1024\" height=\"683\" src=\"https:\/\/praca.qsense.pl\/wp-content\/uploads\/2024\/10\/IMG_3363-1024x683.jpg\" class=\"attachment-large size-large wp-image-493\" alt=\"\" srcset=\"https:\/\/praca.qsense.pl\/wp-content\/uploads\/2024\/10\/IMG_3363-1024x683.jpg 1024w, https:\/\/praca.qsense.pl\/wp-content\/uploads\/2024\/10\/IMG_3363-300x200.jpg 300w, https:\/\/praca.qsense.pl\/wp-content\/uploads\/2024\/10\/IMG_3363-768x512.jpg 768w, https:\/\/praca.qsense.pl\/wp-content\/uploads\/2024\/10\/IMG_3363-1536x1024.jpg 1536w, https:\/\/praca.qsense.pl\/wp-content\/uploads\/2024\/10\/IMG_3363-2048x1365.jpg 2048w, https:\/\/praca.qsense.pl\/wp-content\/uploads\/2024\/10\/IMG_3363-18x12.jpg 18w, https:\/\/praca.qsense.pl\/wp-content\/uploads\/2024\/10\/IMG_3363-24x16.jpg 24w, https:\/\/praca.qsense.pl\/wp-content\/uploads\/2024\/10\/IMG_3363-36x24.jpg 36w, https:\/\/praca.qsense.pl\/wp-content\/uploads\/2024\/10\/IMG_3363-48x32.jpg 48w\" sizes=\"(max-width: 1024px) 100vw, 1024px\" \/>\t\t\t\t\t\t\t\t\t\t\t\t\t\t\t<\/div>\n\t\t\t\t<\/div>\n\t\t\t\t<\/div>\n\t\t\t\t\t<\/div>\n\t\t\t\t<\/div>\n\t\t<div class=\"elementor-element elementor-element-40dd115 e-flex e-con-boxed e-con e-parent\" data-id=\"40dd115\" data-element_type=\"container\" data-settings=\"{&quot;background_background&quot;:&quot;classic&quot;}\">\n\t\t\t\t\t<div class=\"e-con-inner\">\n\t\t\t\t<div class=\"elementor-element elementor-element-b884d7f elementor-widget elementor-widget-heading\" data-id=\"b884d7f\" data-element_type=\"widget\" data-widget_type=\"heading.default\">\n\t\t\t\t<div class=\"elementor-widget-container\">\n\t\t\t\t\t<h1 class=\"elementor-heading-title elementor-size-xxl\">C\u00f3mo es el proceso de contrataci\u00f3n<br> espont\u00e1nea en QSense?<\/h1>\t\t\t\t<\/div>\n\t\t\t\t<\/div>\n\t\t\t\t<div class=\"elementor-element elementor-element-1f0991b elementor-hidden-mobile elementor-widget elementor-widget-image\" data-id=\"1f0991b\" data-element_type=\"widget\" data-widget_type=\"image.default\">\n\t\t\t\t<div class=\"elementor-widget-container\">\n\t\t\t\t\t\t\t\t\t\t\t\t\t\t\t<img decoding=\"async\" width=\"1024\" height=\"427\" data-src=\"https:\/\/praca.qsense.pl\/wp-content\/uploads\/2024\/03\/11-1024x427.jpg\" class=\"attachment-large size-large wp-image-285 lazyload\" alt=\"\" data-srcset=\"https:\/\/praca.qsense.pl\/wp-content\/uploads\/2024\/03\/11-1024x427.jpg 1024w, https:\/\/praca.qsense.pl\/wp-content\/uploads\/2024\/03\/11-300x125.jpg 300w, https:\/\/praca.qsense.pl\/wp-content\/uploads\/2024\/03\/11-768x320.jpg 768w, https:\/\/praca.qsense.pl\/wp-content\/uploads\/2024\/03\/11-1536x640.jpg 1536w, https:\/\/praca.qsense.pl\/wp-content\/uploads\/2024\/03\/11.jpg 1920w\" data-sizes=\"(max-width: 1024px) 100vw, 1024px\" src=\"data:image\/svg+xml;base64,PHN2ZyB3aWR0aD0iMSIgaGVpZ2h0PSIxIiB4bWxucz0iaHR0cDovL3d3dy53My5vcmcvMjAwMC9zdmciPjwvc3ZnPg==\" style=\"--smush-placeholder-width: 1024px; --smush-placeholder-aspect-ratio: 1024\/427;\" \/>\t\t\t\t\t\t\t\t\t\t\t\t\t\t\t<\/div>\n\t\t\t\t<\/div>\n\t\t\t\t<div class=\"elementor-element elementor-element-6edf5f1 elementor-hidden-desktop elementor-hidden-tablet elementor-widget elementor-widget-image\" data-id=\"6edf5f1\" data-element_type=\"widget\" data-widget_type=\"image.default\">\n\t\t\t\t<div class=\"elementor-widget-container\">\n\t\t\t\t\t\t\t\t\t\t\t\t\t\t\t<img decoding=\"async\" width=\"503\" height=\"1024\" data-src=\"https:\/\/praca.qsense.pl\/wp-content\/uploads\/2024\/03\/Dopasowujemy-dla-Ciebie-oferte-lub-tworzymy-nowy-obszar-503x1024.jpg\" class=\"attachment-large size-large wp-image-292 lazyload\" alt=\"\" data-srcset=\"https:\/\/praca.qsense.pl\/wp-content\/uploads\/2024\/03\/Dopasowujemy-dla-Ciebie-oferte-lub-tworzymy-nowy-obszar-503x1024.jpg 503w, https:\/\/praca.qsense.pl\/wp-content\/uploads\/2024\/03\/Dopasowujemy-dla-Ciebie-oferte-lub-tworzymy-nowy-obszar-147x300.jpg 147w, https:\/\/praca.qsense.pl\/wp-content\/uploads\/2024\/03\/Dopasowujemy-dla-Ciebie-oferte-lub-tworzymy-nowy-obszar-768x1564.jpg 768w, https:\/\/praca.qsense.pl\/wp-content\/uploads\/2024\/03\/Dopasowujemy-dla-Ciebie-oferte-lub-tworzymy-nowy-obszar-754x1536.jpg 754w, https:\/\/praca.qsense.pl\/wp-content\/uploads\/2024\/03\/Dopasowujemy-dla-Ciebie-oferte-lub-tworzymy-nowy-obszar-1005x2048.jpg 1005w, https:\/\/praca.qsense.pl\/wp-content\/uploads\/2024\/03\/Dopasowujemy-dla-Ciebie-oferte-lub-tworzymy-nowy-obszar.jpg 1080w\" data-sizes=\"(max-width: 503px) 100vw, 503px\" src=\"data:image\/svg+xml;base64,PHN2ZyB3aWR0aD0iMSIgaGVpZ2h0PSIxIiB4bWxucz0iaHR0cDovL3d3dy53My5vcmcvMjAwMC9zdmciPjwvc3ZnPg==\" style=\"--smush-placeholder-width: 503px; --smush-placeholder-aspect-ratio: 503\/1024;\" \/>\t\t\t\t\t\t\t\t\t\t\t\t\t\t\t<\/div>\n\t\t\t\t<\/div>\n\t\t\t\t<div class=\"elementor-element elementor-element-36ae07d elementor-tablet-align-center elementor-align-center elementor-widget elementor-widget-button\" data-id=\"36ae07d\" data-element_type=\"widget\" data-widget_type=\"button.default\">\n\t\t\t\t<div class=\"elementor-widget-container\">\n\t\t\t\t\t\t\t\t\t<div class=\"elementor-button-wrapper\">\n\t\t\t\t\t<a class=\"elementor-button elementor-button-link elementor-size-md elementor-animation-grow\" href=\"\/es\/ofertas-de-empleo\/\">\n\t\t\t\t\t\t<span class=\"elementor-button-content-wrapper\">\n\t\t\t\t\t\t\t\t\t<span class=\"elementor-button-text\">Ver todas las ofertas de empleo<\/span>\n\t\t\t\t\t<\/span>\n\t\t\t\t\t<\/a>\n\t\t\t\t<\/div>\n\t\t\t\t\t\t\t\t<\/div>\n\t\t\t\t<\/div>\n\t\t\t\t\t<\/div>\n\t\t\t\t<\/div>\n\t\t\t\t<\/div>","protected":false},"excerpt":{"rendered":"<p>Aplikuj bez oferty Cze\u015b\u0107! Cz\u0119sto najlepsze szanse pojawiaj\u0105 si\u0119 wtedy, gdy \u015bwiadomie pod\u0105\u017casz poza utartymi \u015bcie\u017ckami. Je\u015bli nie uda\u0142o Ci si\u0119 znale\u017a\u0107 odpowiedniej oferty, ale znasz sw\u00f3j potencja\u0142 i wiesz co wyj\u0105tkowego mo\u017cesz wnie\u015b\u0107 do QSense prze\u015blij teraz swoj\u0105 aplikacj\u0119 spontaniczn\u0105. Co chcemy \u017ceby\u015b zrobi\u0142 lub zrobi\u0142a? Przygotuj CV \u2013 Jeste\u015bmy ciekawi Twojego do\u015bwiadczenia, umiej\u0119tno\u015bci [&hellip;]<\/p>","protected":false},"author":1,"featured_media":0,"parent":0,"menu_order":0,"comment_status":"closed","ping_status":"closed","template":"elementor_header_footer","meta":{"_acf_changed":false,"footnotes":""},"class_list":["post-283","page","type-page","status-publish","hentry"],"blocksy_meta":[],"acf":[],"_links":{"self":[{"href":"https:\/\/praca.qsense.pl\/es\/wp-json\/wp\/v2\/pages\/283","targetHints":{"allow":["GET"]}}],"collection":[{"href":"https:\/\/praca.qsense.pl\/es\/wp-json\/wp\/v2\/pages"}],"about":[{"href":"https:\/\/praca.qsense.pl\/es\/wp-json\/wp\/v2\/types\/page"}],"author":[{"embeddable":true,"href":"https:\/\/praca.qsense.pl\/es\/wp-json\/wp\/v2\/users\/1"}],"replies":[{"embeddable":true,"href":"https:\/\/praca.qsense.pl\/es\/wp-json\/wp\/v2\/comments?post=283"}],"version-history":[{"count":37,"href":"https:\/\/praca.qsense.pl\/es\/wp-json\/wp\/v2\/pages\/283\/revisions"}],"predecessor-version":[{"id":632,"href":"https:\/\/praca.qsense.pl\/es\/wp-json\/wp\/v2\/pages\/283\/revisions\/632"}],"wp:attachment":[{"href":"https:\/\/praca.qsense.pl\/es\/wp-json\/wp\/v2\/media?parent=283"}],"curies":[{"name":"wp","href":"https:\/\/api.w.org\/{rel}","templated":true}]}}